{"id":2946,"date":"2025-02-27T19:12:11","date_gmt":"2025-02-27T19:12:11","guid":{"rendered":"https:\/\/ci.iziverse.com\/shop\/?page_id=2946"},"modified":"2025-03-17T18:35:15","modified_gmt":"2025-03-17T18:35:15","slug":"favorite-stores","status":"publish","type":"page","link":"https:\/\/reseauentrepreneurs.iziverse.com\/en\/favorite-stores\/","title":{"rendered":"FAVOURITE STORES IZIVERSE C\u00d4TE D\u2019IVOIRE"},"content":{"rendered":"\t\t<div data-elementor-type=\"wp-page\" data-elementor-id=\"2946\" class=\"elementor elementor-2946\">\n\t\t\t\t<div class=\"elementor-element elementor-element-e6c12ea e-flex e-con-boxed e-con e-parent\" data-id=\"e6c12ea\" data-element_type=\"container\" data-e-type=\"container\">\n\t\t\t\t\t<div class=\"e-con-inner\">\n\t\t<div class=\"elementor-element elementor-element-6fcc0ba e-con-full e-flex e-con e-child\" data-id=\"6fcc0ba\" data-element_type=\"container\" data-e-type=\"container\">\n\t\t<div class=\"elementor-element elementor-element-e428aed e-con-full e-flex e-con e-child\" data-id=\"e428aed\" data-element_type=\"container\" data-e-type=\"container\" data-settings=\"{&quot;background_background&quot;:&quot;classic&quot;}\">\n\t\t<div class=\"elementor-element elementor-element-3883856 e-con-full e-flex e-con e-child\" data-id=\"3883856\" data-element_type=\"container\" data-e-type=\"container\">\n\t\t\t\t<div class=\"elementor-element elementor-element-428b851 elementor-widget__width-inherit elementor-widget elementor-widget-text-editor\" data-id=\"428b851\" data-element_type=\"widget\" data-e-type=\"widget\" data-widget_type=\"text-editor.default\">\n\t\t\t\t\t\t\t\t\t<p><span style=\"vertical-align: inherit;\"><span style=\"vertical-align: inherit;\"><span style=\"vertical-align: inherit;\"><span style=\"vertical-align: inherit;\"><span style=\"vertical-align: inherit;\"><span style=\"vertical-align: inherit;\">BOUTIQUE PR\u00c9F\u00c9R\u00c9<\/span><\/span><\/span><\/span><\/span><\/span><\/p>\t\t\t\t\t\t\t\t<\/div>\n\t\t\t\t<div class=\"elementor-element elementor-element-d515261 elementor-widget__width-inherit elementor-widget elementor-widget-shortcode\" data-id=\"d515261\" data-element_type=\"widget\" data-e-type=\"widget\" data-widget_type=\"shortcode.default\">\n\t\t\t\t\t\t\t<div class=\"elementor-shortcode\">[marketking_favorite_stores] <\/div>\n\t\t\t\t\t\t<\/div>\n\t\t\t\t<\/div>\n\t\t\t\t<\/div>\n\t\t\t\t<\/div>\n\t\t\t\t\t<\/div>\n\t\t\t\t<\/div>\n\t\t<div class=\"elementor-element elementor-element-9d8a3f0 e-flex e-con-boxed e-con e-parent\" data-id=\"9d8a3f0\" data-element_type=\"container\" data-e-type=\"container\">\n\t\t\t\t\t<div class=\"e-con-inner\">\n\t\t<div class=\"elementor-element elementor-element-a8d2dca e-con-full e-flex e-con e-child\" data-id=\"a8d2dca\" data-element_type=\"container\" data-e-type=\"container\">\n\t\t<div class=\"elementor-element elementor-element-90a95d4 e-con-full e-flex e-con e-child\" data-id=\"90a95d4\" data-element_type=\"container\" data-e-type=\"container\" data-settings=\"{&quot;background_background&quot;:&quot;classic&quot;}\">\n\t\t<div class=\"elementor-element elementor-element-c7ce1bf e-con-full e-flex e-con e-child\" data-id=\"c7ce1bf\" data-element_type=\"container\" data-e-type=\"container\">\n\t\t\t\t<div class=\"elementor-element elementor-element-9d4c819 elementor-widget__width-inherit elementor-widget elementor-widget-text-editor\" data-id=\"9d4c819\" data-element_type=\"widget\" data-e-type=\"widget\" data-widget_type=\"text-editor.default\">\n\t\t\t\t\t\t\t\t\t<p><span style=\"vertical-align: inherit;\"><span style=\"vertical-align: inherit;\"><span style=\"vertical-align: inherit;\"><span style=\"vertical-align: inherit;\"><span style=\"vertical-align: inherit;\"><span style=\"vertical-align: inherit;\"><span style=\"vertical-align: inherit;\"><span style=\"vertical-align: inherit;\">PRODUITS DE LA BOUTIQUE PR\u00c9F\u00c9R\u00c9S<\/span><\/span><\/span><\/span><\/span><\/span><\/span><\/span><\/p>\t\t\t\t\t\t\t\t<\/div>\n\t\t\t\t<div class=\"elementor-element elementor-element-33578ed elementor-widget__width-inherit elementor-widget elementor-widget-shortcode\" data-id=\"33578ed\" data-element_type=\"widget\" data-e-type=\"widget\" data-widget_type=\"shortcode.default\">\n\t\t\t\t\t\t\t<div class=\"elementor-shortcode\">[marketking_favorite_stores_products]<\/div>\n\t\t\t\t\t\t<\/div>\n\t\t\t\t<\/div>\n\t\t\t\t<\/div>\n\t\t\t\t<\/div>\n\t\t\t\t\t<\/div>\n\t\t\t\t<\/div>\n\t\t<div class=\"elementor-element elementor-element-8533a7a elementor-hidden-widescreen elementor-hidden-desktop elementor-hidden-tablet elementor-hidden-mobile e-flex e-con-boxed e-con e-parent\" data-id=\"8533a7a\" data-element_type=\"container\" data-e-type=\"container\">\n\t\t\t\t\t<div class=\"e-con-inner\">\n\t\t<div class=\"elementor-element elementor-element-8d65896 e-con-full e-flex e-con e-child\" data-id=\"8d65896\" data-element_type=\"container\" data-e-type=\"container\">\n\t\t<div class=\"elementor-element elementor-element-4784f89 e-con-full e-flex e-con e-child\" data-id=\"4784f89\" data-element_type=\"container\" data-e-type=\"container\" data-settings=\"{&quot;background_background&quot;:&quot;classic&quot;}\">\n\t\t<div class=\"elementor-element elementor-element-370e7df e-con-full e-flex e-con e-child\" data-id=\"370e7df\" data-element_type=\"container\" data-e-type=\"container\">\n\t\t\t\t<div class=\"elementor-element elementor-element-3e5b029 elementor-widget__width-inherit elementor-widget elementor-widget-text-editor\" data-id=\"3e5b029\" data-element_type=\"widget\" data-e-type=\"widget\" data-widget_type=\"text-editor.default\">\n\t\t\t\t\t\t\t\t\t<p><span style=\"vertical-align: inherit;\"><span style=\"vertical-align: inherit;\"><span style=\"vertical-align: inherit;\"><span style=\"vertical-align: inherit;\"><span style=\"vertical-align: inherit;\"><span style=\"vertical-align: inherit;\">VENDOR REGISTRATION<\/span><\/span><\/span><\/span><\/span><\/span><\/p>\t\t\t\t\t\t\t\t<\/div>\n\t\t\t\t<div class=\"elementor-element elementor-element-c28c3d9 elementor-widget__width-inherit elementor-widget elementor-widget-shortcode\" data-id=\"c28c3d9\" data-element_type=\"widget\" data-e-type=\"widget\" data-widget_type=\"shortcode.default\">\n\t\t\t\t\t\t\t<div class=\"elementor-shortcode\">[marketking_vendor_registration]<\/div>\n\t\t\t\t\t\t<\/div>\n\t\t\t\t<\/div>\n\t\t\t\t<\/div>\n\t\t\t\t<\/div>\n\t\t\t\t\t<\/div>\n\t\t\t\t<\/div>\n\t\t\t\t<\/div>\n\t\t","protected":false},"excerpt":{"rendered":"<p>BOUTIQUE PR\u00c9F\u00c9R\u00c9 [marketking_favorite_stores] PRODUITS DE LA BOUTIQUE PR\u00c9F\u00c9R\u00c9S [marketking_favorite_stores_products] VENDOR REGISTRATION [marketking_vendor_registration]<\/p>\n","protected":false},"author":1,"featured_media":0,"parent":0,"menu_order":0,"comment_status":"closed","ping_status":"closed","template":"","meta":{"footnotes":""},"class_list":["post-2946","page","type-page","status-publish","hentry"],"blocksy_meta":{"has_hero_section":"disabled","styles_descriptor":{"styles":{"desktop":"","tablet":"","mobile":""},"google_fonts":[],"version":6}},"_links":{"self":[{"href":"https:\/\/reseauentrepreneurs.iziverse.com\/en\/wp-json\/wp\/v2\/pages\/2946","targetHints":{"allow":["GET"]}}],"collection":[{"href":"https:\/\/reseauentrepreneurs.iziverse.com\/en\/wp-json\/wp\/v2\/pages"}],"about":[{"href":"https:\/\/reseauentrepreneurs.iziverse.com\/en\/wp-json\/wp\/v2\/types\/page"}],"author":[{"embeddable":true,"href":"https:\/\/reseauentrepreneurs.iziverse.com\/en\/wp-json\/wp\/v2\/users\/1"}],"replies":[{"embeddable":true,"href":"https:\/\/reseauentrepreneurs.iziverse.com\/en\/wp-json\/wp\/v2\/comments?post=2946"}],"version-history":[{"count":17,"href":"https:\/\/reseauentrepreneurs.iziverse.com\/en\/wp-json\/wp\/v2\/pages\/2946\/revisions"}],"predecessor-version":[{"id":3134,"href":"https:\/\/reseauentrepreneurs.iziverse.com\/en\/wp-json\/wp\/v2\/pages\/2946\/revisions\/3134"}],"wp:attachment":[{"href":"https:\/\/reseauentrepreneurs.iziverse.com\/en\/wp-json\/wp\/v2\/media?parent=2946"}],"curies":[{"name":"wp","href":"https:\/\/api.w.org\/{rel}","templated":true}]}}